{"id":101,"date":"2020-08-28T17:26:20","date_gmt":"2020-08-28T17:26:20","guid":{"rendered":"https:\/\/wp.aep-escrime.fr\/?page_id=101"},"modified":"2025-08-08T13:42:18","modified_gmt":"2025-08-08T11:42:18","slug":"accueil","status":"publish","type":"page","link":"https:\/\/www.aep-escrime.fr\/en\/","title":{"rendered":"Front Page"},"content":{"rendered":"<h2 class=\"wp-block-heading\">Welcome to AEP Escrime<\/h2>\n\n\n\n<h4 class=\"wp-block-heading has-text-align-center\">Latest news<\/h4>\n\n\n\n<p><\/p>\n\n\n\n<!-- This website uses the Simple Posts Ticker plugin v1.1.6 - https:\/\/wordpress.org\/plugins\/simple-posts-ticker\/ -->\n<div class=\"spt-container spt-border\" style=\"border: none;border-radius: 0px;width: 100%;\"><div class=\"spt-marquee\" data-direction=\"left\" data-duplicated=\"true\" data-duration=\"10000\" data-gap=\"0\" data-speed=\"\" data-pauseonhover=\"true\" data-delaybeforestart=\"100\" data-startvisible=\"true\" data-loop=\"2\" style=\"width:auto;margin: 0;padding: 0;font-size: 100%;background-color: #e24128;overflow: hidden;\"><span class=\"spt-item\" style=\"padding: 0 10px;\">2025 season:<span class=\"spt-separator\"> <\/span><span class=\"spt-postinfo\" style=\"color: #ffffff;\">Fencing classes will resume on Thu September 4th, 2025.<\/span><\/span><\/div><\/div>\n\n\n\n<p>August 8th 2025: <strong><mark style=\"background-color:rgba(0, 0, 0, 0)\" class=\"has-inline-color has-black-color\">Fencing classes will resume on Thursday September 4th 2025 (September 9th for adults). You can also visit us at the sports Forum organized by the city on Saturday, September 6th at the 16th arrondissement city Hall.<\/mark><mark style=\"background-color:rgba(0, 0, 0, 0)\" class=\"has-inline-color has-vivid-red-color\"> <\/mark><mark style=\"background-color:rgba(0, 0, 0, 0)\" class=\"has-inline-color has-vivid-red-color\"><\/mark><\/strong><mark style=\"background-color:rgba(0, 0, 0, 0)\" class=\"has-inline-color has-black-color\">Don't forget to register ( <strong>REGISTRATION<\/strong>, <strong>CONTACT US tabs<\/strong> or e-mail) to stay informed.<\/mark><\/p>\n\n\n\n<p><\/p>\n\n\n\n<p class=\"has-text-align-left\"><mark style=\"background-color:rgba(0, 0, 0, 0);color:#000082\" class=\"has-inline-color\"><strong>Fencing<\/strong><\/mark><strong><mark style=\"background-color:rgba(0, 0, 0, 0);color:#000082\" class=\"has-inline-color\">:<\/mark> A sport that promotes dexterity, acuity, the spirit of analysis and adaptation, self-knowledge, respect for others, through the rules of the game. A sport that participates in the development of the personality, develops endurance through a practice that is both fun and well controlled.<\/strong> <\/p>\n\n\n\n<p><strong><span style=\"color:#000082\" class=\"has-inline-color\">The Amicale Edouard Petit (AEP) fencing club<\/span> offers high-quality teaching from a team of dedicated coaches, either for a recreational activity, or competition according the the wish of participants.<\/strong><\/p>\n\n\n\n<p><strong>We offer <span style=\"color:#000082\" class=\"has-inline-color\">free trials<\/span>: come and try fencing in a friendly and family-oriented atmosphere.<\/strong><\/p>\n\n\n\n<div class=\"wp-block-group alignwide is-layout-flow wp-block-group-is-layout-flow\"><div class=\"wp-block-group__inner-container\">\n<div class=\"wp-block-media-text alignwide is-stacked-on-mobile\"><figure class=\"wp-block-media-text__media\"><img loading=\"lazy\" decoding=\"async\" width=\"1024\" height=\"598\" src=\"https:\/\/wp.aep-escrime.fr\/wp-content\/uploads\/2020\/08\/Escrime-AEP.jpg\" alt=\"Coup Droit\" class=\"wp-image-119 size-full\"\/><\/figure><div class=\"wp-block-media-text__content\">\n<p><strong><span style=\"color:#000082\" class=\"has-inline-color\">Fencing for everyone at AEP<\/span>: training slots for every age groups <span class=\"has-inline-color has-black-color\">for 6 year-old<\/span>, including adults, parents and grand-parents without age limit !<\/strong><\/p>\n\n\n\n<p><mark style=\"background-color:rgba(0, 0, 0, 0);color:#000082\" class=\"has-inline-color\"><strong>Weapons used at AEP<\/strong>: <\/mark><\/p>\n\n\n\n<div class=\"wp-block-group is-layout-flow wp-block-group-is-layout-flow\"><div class=\"wp-block-group__inner-container\">\n<p><strong><mark style=\"background-color:rgba(0, 0, 0, 0)\" class=\"has-inline-color has-black-color\">Foil<\/mark><\/strong> (children, teens) <\/p>\n\n\n\n<p><strong><span class=\"has-inline-color has-black-color\">Ep\u00e9e<\/span><\/strong> (teens, adults)<\/p>\n<\/div><\/div>\n\n\n\n<p><strong><span class=\"has-inline-color has-black-color\"><\/span><\/strong><\/p>\n<\/div><\/div>\n\n\n\n<p><\/p>\n<\/div><\/div>\n\n\n\n<p><\/p>","protected":false},"excerpt":{"rendered":"<p>Page d&rsquo;accueil Actualit\u00e9 8 ao\u00fbt 2025: Nos activit\u00e9s reprendrons le jeudi 4 septembre 2025 (Mardi 9 septembre pour les adultes). Nous serons \u00e9galement au forum des sports de la mairie &#8230;<\/p>","protected":false},"author":1,"featured_media":0,"parent":0,"menu_order":0,"comment_status":"closed","ping_status":"closed","template":"","meta":{"footnotes":""},"_links":{"self":[{"href":"https:\/\/www.aep-escrime.fr\/en\/wp-json\/wp\/v2\/pages\/101"}],"collection":[{"href":"https:\/\/www.aep-escrime.fr\/en\/wp-json\/wp\/v2\/pages"}],"about":[{"href":"https:\/\/www.aep-escrime.fr\/en\/wp-json\/wp\/v2\/types\/page"}],"author":[{"embeddable":true,"href":"https:\/\/www.aep-escrime.fr\/en\/wp-json\/wp\/v2\/users\/1"}],"replies":[{"embeddable":true,"href":"https:\/\/www.aep-escrime.fr\/en\/wp-json\/wp\/v2\/comments?post=101"}],"version-history":[{"count":0,"href":"https:\/\/www.aep-escrime.fr\/en\/wp-json\/wp\/v2\/pages\/101\/revisions"}],"wp:attachment":[{"href":"https:\/\/www.aep-escrime.fr\/en\/wp-json\/wp\/v2\/media?parent=101"}],"curies":[{"name":"wp","href":"https:\/\/api.w.org\/{rel}","templated":true}]}}