{"id":177,"date":"2020-08-31T00:42:00","date_gmt":"2020-08-30T22:42:00","guid":{"rendered":"https:\/\/wp.aep-escrime.fr\/?page_id=177"},"modified":"2025-09-24T18:57:55","modified_gmt":"2025-09-24T16:57:55","slug":"infos","status":"publish","type":"page","link":"https:\/\/www.aep-escrime.fr\/en\/infos\/","title":{"rendered":"More Information"},"content":{"rendered":"<h2 class=\"wp-block-heading\">General information<\/h2>\n\n\n\n<p><strong><mark style=\"background-color:rgba(0, 0, 0, 0);color:#000082\" class=\"has-inline-color\">La rentr\u00e9e aura lieu le 4 septembre 2025 (9 septembre pour les adultes)<\/mark>  Registration, information and free trials are available on site (15, rue des Bauches 75016 Paris) at all training hours<mark style=\"background-color:rgba(0, 0, 0, 0);color:#000082\" class=\"has-inline-color\"><\/mark><\/strong><\/p>\n\n\n\n<p><strong><span style=\"color:#000082\" class=\"has-inline-color\">Come and try<\/span> fencing in a friendly and family-oriented atmosphere. Our coaches do their best in English and they manage. French is the international language for fencing anyway !<\/strong><\/p>\n\n\n\n<div class=\"wp-block-media-text alignwide is-stacked-on-mobile\"><figure class=\"wp-block-media-text__media\"><img loading=\"lazy\" decoding=\"async\" width=\"937\" height=\"596\" src=\"https:\/\/wp.aep-escrime.fr\/wp-content\/uploads\/2020\/08\/Salut-AEP.jpg\" alt=\"\" class=\"wp-image-197 size-full\"\/><\/figure><div class=\"wp-block-media-text__content\">\n<ul>\n<li><strong><mark style=\"background-color:rgba(0, 0, 0, 0);color:#000082\" class=\"has-inline-color\">6-8 year-old children<\/mark>: Mon,Thu 5:15-6-15 pm; Wed 2:15-3:15 pm; Sat 9:30-10:30 am<\/strong><\/li>\n\n\n\n<li><strong><mark style=\"background-color:rgba(0, 0, 0, 0);color:#000082\" class=\"has-inline-color\">9-11 year-old children<\/mark>: Mon 6:15-7:15 pm; Wed 3:15-4:45 pm; Thu 6:15-7:45 pm; Sat 10:30 am -12 pm<\/strong><\/li>\n\n\n\n<li><mark style=\"background-color:rgba(0, 0, 0, 0);color:#000082\" class=\"has-inline-color\"><strong>12-14 year-old children<\/strong><\/mark><strong>: Tue 6:30-8:00 pm; Wed 4:45-6:00 pm<\/strong><\/li>\n\n\n\n<li><strong><strong><mark style=\"background-color:rgba(0, 0, 0, 0);color:#000082\" class=\"has-inline-color\">From 15 year old, adults:<\/mark> Tue 8-10pm; Thu 7:45-9-45 pm<\/strong><\/strong><\/li>\n\n\n\n<li><strong><mark style=\"background-color:rgba(0, 0, 0, 0);color:#000082\" class=\"has-inline-color\">Leisure \u00e9p\u00e9e adults<\/mark> : Fri 8pm-10pm<\/strong><\/li>\n<\/ul>\n\n\n\n<p><\/p>\n<\/div><\/div>\n\n\n\n<h2 class=\"wp-block-heading\">Fencing Masters - coaches<\/h2>\n\n\n\n<ul>\n<li><strong><mark style=\"background-color:rgba(0, 0, 0, 0);color:#000082\" class=\"has-inline-color\">Ma\u00eetre Edouard Quid\u00e9<\/mark><\/strong><\/li>\n\n\n\n<li><strong><mark style=\"background-color:rgba(0, 0, 0, 0);color:#000082\" class=\"has-inline-color\">Ma\u00eetre Philippe Markov<\/mark><\/strong><\/li>\n\n\n\n<li><strong><mark style=\"background-color:rgba(0, 0, 0, 0);color:#000082\" class=\"has-inline-color\">Ma\u00eetre Denis Mariette<\/mark><\/strong><\/li>\n\n\n\n<li><strong><mark style=\"background-color:rgba(0, 0, 0, 0);color:#000082\" class=\"has-inline-color\">Jean-Marc Verbavatz<\/mark><\/strong><\/li>\n<\/ul>\n\n\n\n<p><\/p>","protected":false},"excerpt":{"rendered":"<p>Informations g\u00e9n\u00e9rales La rentr\u00e9e aura lieu le 4 septembre 2025 (9 septembre pour les adultes) \u00e0 tous les horaires d\u00b4entra\u00eenement. Inscriptions, renseignements et s\u00e9ances d&rsquo;essai gratuites \u00e0 la salle, 15 &#8230;<\/p>","protected":false},"author":1,"featured_media":0,"parent":0,"menu_order":0,"comment_status":"closed","ping_status":"closed","template":"","meta":{"footnotes":""},"_links":{"self":[{"href":"https:\/\/www.aep-escrime.fr\/en\/wp-json\/wp\/v2\/pages\/177"}],"collection":[{"href":"https:\/\/www.aep-escrime.fr\/en\/wp-json\/wp\/v2\/pages"}],"about":[{"href":"https:\/\/www.aep-escrime.fr\/en\/wp-json\/wp\/v2\/types\/page"}],"author":[{"embeddable":true,"href":"https:\/\/www.aep-escrime.fr\/en\/wp-json\/wp\/v2\/users\/1"}],"replies":[{"embeddable":true,"href":"https:\/\/www.aep-escrime.fr\/en\/wp-json\/wp\/v2\/comments?post=177"}],"version-history":[{"count":0,"href":"https:\/\/www.aep-escrime.fr\/en\/wp-json\/wp\/v2\/pages\/177\/revisions"}],"wp:attachment":[{"href":"https:\/\/www.aep-escrime.fr\/en\/wp-json\/wp\/v2\/media?parent=177"}],"curies":[{"name":"wp","href":"https:\/\/api.w.org\/{rel}","templated":true}]}}