{"id":190,"date":"2020-08-31T01:04:54","date_gmt":"2020-08-30T23:04:54","guid":{"rendered":"https:\/\/wp.aep-escrime.fr\/?page_id=190"},"modified":"2025-08-09T11:32:55","modified_gmt":"2025-08-09T09:32:55","slug":"inscription","status":"publish","type":"page","link":"https:\/\/www.aep-escrime.fr\/en\/inscription\/","title":{"rendered":"Registration"},"content":{"rendered":"<h2 class=\"wp-block-heading\">Registration<\/h2>\n\n\n\n<p><strong>Detailed registration information for 2025 is available in the PDF files.<\/strong> <strong>Feel free to pre-register online below.<\/strong><\/p>\n\n\n\n<p><a href=\"https:\/\/www.aep-escrime.fr\/pdfs\/FicheAEP2025.pdf\" target=\"_blank\" rel=\"noreferrer noopener\">Registration information for 2025-2026 (PDF)<\/a><\/p>\n\n\n\n<p><a href=\"https:\/\/www.aep-escrime.fr\/pdfs\/DossierAEP2025.pdf\">Registration file for 2025-2026 (PDF)<\/a><\/p>\n\n\n\n<p><strong>Registration documents can be submitted on site at training bhours with payment by check, cash or wire transfer.<\/strong><\/p>\n\n\n\n<p><strong><span style=\"color:#000082\" class=\"has-inline-color\">Registration documents include:<\/span><\/strong><\/p>\n\n\n\n<ul>\n<li><strong>The registration sheet (mandatory)<\/strong><\/li>\n\n\n\n<li><strong>If necessary the rental sheet and a deposit of 250\u20ac. The annual cost for for reting the fencing outfit is 120\u20ac<\/strong> <\/li>\n\n\n\n<li><strong>payment of the registration (cash, check or wire transfer).<\/strong><\/li>\n\n\n\n<li class=\" translation-block\"><strong>the appropriate medical document<\/strong>: <a href=\"https:\/\/www.aep-escrime.fr\/pdfs\/Medical.pdf\" target=\"_self\">Medical documents<\/a><\/li>\n<\/ul>\n\n\n\n<h2 class=\"wp-block-heading\">On-line pre-registration<\/h2>\n\n\n\n<p>The pre-registration request will be processed as soon as possible and a confirmation will be sent to you. Final registration is subject to acceptance by the club and full payment of the membership fee.<\/p>\n\n\n<div class=\"wpforms-container wpforms-container-full wpforms-block wpforms-block-7355a7a5-d230-48af-9be8-38058c7cfc0c\" id=\"wpforms-475\"><form id=\"wpforms-form-475\" class=\"wpforms-validate wpforms-form\" data-formid=\"475\" method=\"post\" enctype=\"multipart\/form-data\" action=\"\/en\/wp-json\/wp\/v2\/pages\/190\" data-token=\"bd29a0cb332a6f3a14fe5e7f8ddc40e3\" data-trp-original-action=\"\/en\/wp-json\/wp\/v2\/pages\/190\"><noscript class=\"wpforms-error-noscript\">Please enable JavaScript in your browser to complete this form.<\/noscript><div class=\"wpforms-field-container\"><div id=\"wpforms-475-field_1-container\" class=\"wpforms-field wpforms-field-name\" data-field-id=\"1\"><label class=\"wpforms-field-label\" for=\"wpforms-475-field_1\">Name <span class=\"wpforms-required-label\">*<\/span><\/label><div class=\"wpforms-field-row wpforms-field-medium\"><div class=\"wpforms-field-row-block wpforms-first wpforms-one-half\"><input type=\"text\" id=\"wpforms-475-field_1\" class=\"wpforms-field-name-first wpforms-field-required\" name=\"wpforms[fields][1][first]\" required><label for=\"wpforms-475-field_1\" class=\"wpforms-field-sublabel after\">First<\/label><\/div><div class=\"wpforms-field-row-block wpforms-one-half\"><input type=\"text\" id=\"wpforms-475-field_1-last\" class=\"wpforms-field-name-last wpforms-field-required\" name=\"wpforms[fields][1][last]\" required><label for=\"wpforms-475-field_1-last\" class=\"wpforms-field-sublabel after\">Last<\/label><\/div><\/div><\/div><div id=\"wpforms-475-field_2-container\" class=\"wpforms-field wpforms-field-radio wpforms-list-2-columns\" data-field-id=\"2\"><label class=\"wpforms-field-label\" for=\"wpforms-475-field_2\">Gender <span class=\"wpforms-required-label\">*<\/span><\/label><ul id=\"wpforms-475-field_2\" class=\"wpforms-field-required\"><li class=\"choice-1 depth-1\"><input type=\"radio\" id=\"wpforms-475-field_2_1\" name=\"wpforms[fields][2]\" value=\"Masculin\" required><label class=\"wpforms-field-label-inline\" for=\"wpforms-475-field_2_1\">Male<\/label><\/li><li class=\"choice-2 depth-1\"><input type=\"radio\" id=\"wpforms-475-field_2_2\" name=\"wpforms[fields][2]\" value=\"F\u00e9minin\" required><label class=\"wpforms-field-label-inline\" for=\"wpforms-475-field_2_2\">Female<\/label><\/li><\/ul><\/div><div id=\"wpforms-475-field_10-container\" class=\"wpforms-field wpforms-field-text\" data-field-id=\"10\"><label class=\"wpforms-field-label\" for=\"wpforms-475-field_10\">Nationality <span class=\"wpforms-required-label\">*<\/span><\/label><input type=\"text\" id=\"wpforms-475-field_10\" class=\"wpforms-field-small wpforms-field-required\" name=\"wpforms[fields][10]\" required><\/div><div id=\"wpforms-475-field_9-container\" class=\"wpforms-field wpforms-field-text\" data-field-id=\"9\"><label class=\"wpforms-field-label\" for=\"wpforms-475-field_9\">Date of birth <span class=\"wpforms-required-label\">*<\/span><\/label><input type=\"text\" id=\"wpforms-475-field_9\" class=\"wpforms-field-small wpforms-field-required\" name=\"wpforms[fields][9]\" required><\/div><div id=\"wpforms-475-field_28-container\" class=\"wpforms-field wpforms-field-radio wpforms-list-2-columns\" data-field-id=\"28\"><label class=\"wpforms-field-label\" for=\"wpforms-475-field_28\">handedness <span class=\"wpforms-required-label\">*<\/span><\/label><ul id=\"wpforms-475-field_28\" class=\"wpforms-field-required\"><li class=\"choice-1 depth-1\"><input type=\"radio\" id=\"wpforms-475-field_28_1\" name=\"wpforms[fields][28]\" value=\"gaucher\" required><label class=\"wpforms-field-label-inline\" for=\"wpforms-475-field_28_1\">Left-handed<\/label><\/li><li class=\"choice-2 depth-1\"><input type=\"radio\" id=\"wpforms-475-field_28_2\" name=\"wpforms[fields][28]\" value=\"droitier\" required><label class=\"wpforms-field-label-inline\" for=\"wpforms-475-field_28_2\">Right-handed<\/label><\/li><\/ul><\/div><div id=\"wpforms-475-field_12-container\" class=\"wpforms-field wpforms-field-select wpforms-field-select-style-modern\" data-field-id=\"12\"><label class=\"wpforms-field-label\" for=\"wpforms-475-field_12\">Age group <span class=\"wpforms-required-label\">*<\/span><\/label><select id=\"wpforms-475-field_12\" class=\"wpforms-field-medium wpforms-field-required choicesjs-select\" data-size-class=\"wpforms-field-row wpforms-field-medium\" data-search-enabled=\"\" name=\"wpforms[fields][12]\" required=\"required\"><option value=\"\" class=\"placeholder\" disabled selected='selected'>Group 1 (6-8 yr-old)<\/option><option value=\"Groupe 1 (6-8 ans)\" >Group 1 (6-8 yr-old)<\/option><option value=\"Groupe 2 (9-11 ans)\" >Group 2 (9-11 yr-old)<\/option><option value=\"Groupe 3 (12-14 ans)\" >Group 3 (12-14 yr-old)<\/option><option value=\"Groupe 4 (15-20 ans)\" >Group 4 (15-20 yr-old)<\/option><option value=\"Groupe 5 (adultes)\" >Group 5 (adults)<\/option><option value=\"A d\u00e9terminer\" >to be determined<\/option><\/select><\/div><div id=\"wpforms-475-field_13-container\" class=\"wpforms-field wpforms-field-checkbox wpforms-list-3-columns\" data-field-id=\"13\"><label class=\"wpforms-field-label\" for=\"wpforms-475-field_13\">Schedule <span class=\"wpforms-required-label\">*<\/span><\/label><ul id=\"wpforms-475-field_13\" class=\"wpforms-field-required\" data-choice-limit=\"2\"><li class=\"choice-8 depth-1\"><input type=\"checkbox\" id=\"wpforms-475-field_13_8\" data-rule-check-limit=\"true\" name=\"wpforms[fields][13][]\" value=\"Lundi (groupe 1 ou 2)\" required><label class=\"wpforms-field-label-inline\" for=\"wpforms-475-field_13_8\">Monday (group 1 or 2)<\/label><\/li><li class=\"choice-2 depth-1\"><input type=\"checkbox\" id=\"wpforms-475-field_13_2\" data-rule-check-limit=\"true\" name=\"wpforms[fields][13][]\" value=\"Mardi (groupes 3, 4 ou 5)\" required><label class=\"wpforms-field-label-inline\" for=\"wpforms-475-field_13_2\">Tuesday (group 3, 4 or 5)<\/label><\/li><li class=\"choice-3 depth-1\"><input type=\"checkbox\" id=\"wpforms-475-field_13_3\" data-rule-check-limit=\"true\" name=\"wpforms[fields][13][]\" value=\"Mercredi (groupes 1, 2 ou 3)\" required><label class=\"wpforms-field-label-inline\" for=\"wpforms-475-field_13_3\">Wednesday (group 1, 2 or 3)<\/label><\/li><li class=\"choice-4 depth-1\"><input type=\"checkbox\" id=\"wpforms-475-field_13_4\" data-rule-check-limit=\"true\" name=\"wpforms[fields][13][]\" value=\"Jeudi (groupe 1, 2, 4 ou 5)\" required><label class=\"wpforms-field-label-inline\" for=\"wpforms-475-field_13_4\">Thursday (group 1,2,4 or 5)<\/label><\/li><li class=\"choice-5 depth-1\"><input type=\"checkbox\" id=\"wpforms-475-field_13_5\" data-rule-check-limit=\"true\" name=\"wpforms[fields][13][]\" value=\"Vendredi (groupe 4,5)\" required><label class=\"wpforms-field-label-inline\" for=\"wpforms-475-field_13_5\">Friday (group 4 or 5)<\/label><\/li><li class=\"choice-6 depth-1\"><input type=\"checkbox\" id=\"wpforms-475-field_13_6\" data-rule-check-limit=\"true\" name=\"wpforms[fields][13][]\" value=\"Samedi (groupe 1 ou 2)\" required><label class=\"wpforms-field-label-inline\" for=\"wpforms-475-field_13_6\">Saturday (group 1 or 2)<\/label><\/li><li class=\"choice-7 depth-1\"><input type=\"checkbox\" id=\"wpforms-475-field_13_7\" data-rule-check-limit=\"true\" name=\"wpforms[fields][13][]\" value=\"A d\u00e9terminer plus tard\" required><label class=\"wpforms-field-label-inline\" for=\"wpforms-475-field_13_7\">To be determined later<\/label><\/li><\/ul><div class=\"wpforms-field-description\">Select the preferred schedule (one or two sessions\/week). More details on the schedule can be found in the section \"MORE  INFORMATION\"<\/div><\/div><div id=\"wpforms-475-field_27-container\" class=\"wpforms-field wpforms-field-radio wpforms-list-2-columns\" data-field-id=\"27\"><label class=\"wpforms-field-label\" for=\"wpforms-475-field_27\">Add uniform rental <span class=\"wpforms-required-label\">*<\/span><\/label><ul id=\"wpforms-475-field_27\" class=\"wpforms-field-required\"><li class=\"choice-1 depth-1\"><input type=\"radio\" id=\"wpforms-475-field_27_1\" name=\"wpforms[fields][27]\" value=\"Oui\" required><label class=\"wpforms-field-label-inline\" for=\"wpforms-475-field_27_1\">Yes<\/label><\/li><li class=\"choice-2 depth-1\"><input type=\"radio\" id=\"wpforms-475-field_27_2\" name=\"wpforms[fields][27]\" value=\"Non\" required><label class=\"wpforms-field-label-inline\" for=\"wpforms-475-field_27_2\">No, I have my own<\/label><\/li><\/ul><div class=\"wpforms-field-description\">It is possible to rent the complete uniform, or only some items.<\/div><\/div><div id=\"wpforms-475-field_3-container\" class=\"wpforms-field wpforms-field-text\" data-field-id=\"3\"><label class=\"wpforms-field-label\" for=\"wpforms-475-field_3\">Address <span class=\"wpforms-required-label\">*<\/span><\/label><input type=\"text\" id=\"wpforms-475-field_3\" class=\"wpforms-field-large wpforms-field-required\" name=\"wpforms[fields][3]\" required><div class=\"wpforms-field-description\">street number, street name, building etc...<\/div><\/div><div id=\"wpforms-475-field_6-container\" class=\"wpforms-field wpforms-field-text\" data-field-id=\"6\"><label class=\"wpforms-field-label\" for=\"wpforms-475-field_6\">ZIP code <span class=\"wpforms-required-label\">*<\/span><\/label><input type=\"text\" id=\"wpforms-475-field_6\" class=\"wpforms-field-small wpforms-field-required\" name=\"wpforms[fields][6]\" required><\/div><div id=\"wpforms-475-field_7-container\" class=\"wpforms-field wpforms-field-text\" data-field-id=\"7\"><label class=\"wpforms-field-label\" for=\"wpforms-475-field_7\">City <span class=\"wpforms-required-label\">*<\/span><\/label><input type=\"text\" id=\"wpforms-475-field_7\" class=\"wpforms-field-medium wpforms-field-required\" name=\"wpforms[fields][7]\" required><\/div><div id=\"wpforms-475-field_8-container\" class=\"wpforms-field wpforms-field-email\" data-field-id=\"8\"><label class=\"wpforms-field-label\" for=\"wpforms-475-field_8\">e-mail <span class=\"wpforms-required-label\">*<\/span><\/label><div class=\"wpforms-field-row wpforms-field-medium\"><div class=\"wpforms-field-row-block wpforms-one-half wpforms-first\"><input type=\"email\" id=\"wpforms-475-field_8\" class=\"wpforms-field-required wpforms-field-email-primary\" name=\"wpforms[fields][8][primary]\" spellcheck=\"false\" required><label for=\"wpforms-475-field_8\" class=\"wpforms-field-sublabel after\">Email<\/label><\/div><div class=\"wpforms-field-row-block wpforms-one-half\"><input type=\"email\" id=\"wpforms-475-field_8-secondary\" class=\"wpforms-field-email-secondary wpforms-field-required\" data-rule-confirm=\"#wpforms-475-field_8\" name=\"wpforms[fields][8][secondary]\" spellcheck=\"false\" required><label for=\"wpforms-475-field_8-secondary\" class=\"wpforms-field-sublabel after\">Confirm Email<\/label><\/div><\/div><\/div><div id=\"wpforms-475-field_18-container\" class=\"wpforms-field wpforms-field-email\" data-field-id=\"18\"><label class=\"wpforms-field-label\" for=\"wpforms-475-field_18\">secondary e-mail<\/label><input type=\"email\" id=\"wpforms-475-field_18\" class=\"wpforms-field-medium\" name=\"wpforms[fields][18]\" spellcheck=\"false\" ><div class=\"wpforms-field-description\">optional<\/div><\/div><div id=\"wpforms-475-field_30-container\" class=\"wpforms-field wpforms-field-name\" data-field-id=\"30\"><label class=\"wpforms-field-label\" for=\"wpforms-475-field_30\">For children, name of legal representative<\/label><div class=\"wpforms-field-row wpforms-field-medium\"><div class=\"wpforms-field-row-block wpforms-first wpforms-one-half\"><input type=\"text\" id=\"wpforms-475-field_30\" class=\"wpforms-field-name-first\" name=\"wpforms[fields][30][first]\" ><label for=\"wpforms-475-field_30\" class=\"wpforms-field-sublabel after\">First<\/label><\/div><div class=\"wpforms-field-row-block wpforms-one-half\"><input type=\"text\" id=\"wpforms-475-field_30-last\" class=\"wpforms-field-name-last\" name=\"wpforms[fields][30][last]\" ><label for=\"wpforms-475-field_30-last\" class=\"wpforms-field-sublabel after\">Last<\/label><\/div><\/div><\/div><div id=\"wpforms-475-field_31-container\" class=\"wpforms-field wpforms-field-email\" data-field-id=\"31\"><label class=\"wpforms-field-label\" for=\"wpforms-475-field_31\">email if different from main email<\/label><input type=\"email\" id=\"wpforms-475-field_31\" class=\"wpforms-field-medium\" name=\"wpforms[fields][31]\" spellcheck=\"false\" ><\/div><div id=\"wpforms-475-field_11-container\" class=\"wpforms-field wpforms-field-text\" data-field-id=\"11\"><label class=\"wpforms-field-label\" for=\"wpforms-475-field_11\">Phone <span class=\"wpforms-required-label\">*<\/span><\/label><input type=\"text\" id=\"wpforms-475-field_11\" class=\"wpforms-field-medium wpforms-field-required\" name=\"wpforms[fields][11]\" required><div class=\"wpforms-field-description\">name if different<\/div><\/div><div id=\"wpforms-475-field_19-container\" class=\"wpforms-field wpforms-field-text\" data-field-id=\"19\"><label class=\"wpforms-field-label\" for=\"wpforms-475-field_19\">Phone #2<\/label><input type=\"text\" id=\"wpforms-475-field_19\" class=\"wpforms-field-medium\" name=\"wpforms[fields][19]\" ><div class=\"wpforms-field-description\">name if different<\/div><\/div><div id=\"wpforms-475-field_20-container\" class=\"wpforms-field wpforms-field-text\" data-field-id=\"20\"><label class=\"wpforms-field-label\" for=\"wpforms-475-field_20\">Phone #3<\/label><input type=\"text\" id=\"wpforms-475-field_20\" class=\"wpforms-field-medium\" name=\"wpforms[fields][20]\" ><div class=\"wpforms-field-description\">name if different<\/div><\/div><div id=\"wpforms-475-field_16-container\" class=\"wpforms-field wpforms-field-checkbox\" data-field-id=\"16\"><label class=\"wpforms-field-label\" for=\"wpforms-475-field_16\">Discount rate<\/label><ul id=\"wpforms-475-field_16\"><li class=\"choice-1 depth-1\"><input type=\"checkbox\" id=\"wpforms-475-field_16_1\" name=\"wpforms[fields][16][]\" value=\"Tarif Famille (-10%)\"  ><label class=\"wpforms-field-label-inline\" for=\"wpforms-475-field_16_1\">Family rate (-10% on tariff)<\/label><\/li><li class=\"choice-2 depth-1\"><input type=\"checkbox\" id=\"wpforms-475-field_16_2\" name=\"wpforms[fields][16][]\" value=\"Formule d\u00e9couverte pour d\u00e9butant 1 s\u00e9ance par semaine (-80 \u20ac)\"  ><label class=\"wpforms-field-label-inline\" for=\"wpforms-475-field_16_2\">Beginner 1 session\/week (-80\u20ac)<\/label><\/li><li class=\"choice-3 depth-1\"><input type=\"checkbox\" id=\"wpforms-475-field_16_3\" name=\"wpforms[fields][16][]\" value=\"Pass&#039;Sport et\/ou R\u00e9duc-Sport (80 \u00e0 130\u20ac de r\u00e9duction pour les b\u00e9n\u00e9ficiaires)\"  ><label class=\"wpforms-field-label-inline\" for=\"wpforms-475-field_16_3\">Pass'Sport \/ Reduc'Sport 80 to 130\u20ac discount (only for eligible children)<\/label><\/li><\/ul><\/div><div id=\"wpforms-475-field_17-container\" class=\"wpforms-field wpforms-field-text\" data-field-id=\"17\"><label class=\"wpforms-field-label\" for=\"wpforms-475-field_17\">Voucher<\/label><input type=\"text\" id=\"wpforms-475-field_17\" class=\"wpforms-field-medium\" name=\"wpforms[fields][17]\" ><div class=\"wpforms-field-description\">please enter voucher information and amount<\/div><\/div><div id=\"wpforms-475-field_14-container\" class=\"wpforms-field wpforms-field-select wpforms-field-select-style-classic\" data-field-id=\"14\"><label class=\"wpforms-field-label\" for=\"wpforms-475-field_14\">Payment<\/label><select id=\"wpforms-475-field_14\" class=\"wpforms-field-small\" name=\"wpforms[fields][14]\"><option value=\"Ch\u00e8que\" >Check<\/option><option value=\"Esp\u00e8ces\" >Cash (euros)<\/option><option value=\"Virement\" >Wire Transfer<\/option><\/select><div class=\"wpforms-field-description\">The final price will be calculated in the confirmation email<\/div><\/div><div id=\"wpforms-475-field_29-container\" class=\"wpforms-field wpforms-field-checkbox\" data-field-id=\"29\"><label class=\"wpforms-field-label\" for=\"wpforms-475-field_29\">Membership conditions and rules <span class=\"wpforms-required-label\">*<\/span><\/label><ul id=\"wpforms-475-field_29\" class=\"wpforms-field-required\"><li class=\"choice-1 depth-1\"><input type=\"checkbox\" id=\"wpforms-475-field_29_1\" name=\"wpforms[fields][29][]\" value=\"J&#039;ai pris connaissance des conditions d&#039;adh\u00e9sion et du r\u00e9glement int\u00e9rieur et je les accepte (voir dossier PDF)\" required><label class=\"wpforms-field-label-inline\" for=\"wpforms-475-field_29_1\">I have read and accept the membership conditions and internal regulations (see PDF file)<\/label><\/li><\/ul><\/div><div id=\"wpforms-475-field_25-container\" class=\"wpforms-field wpforms-field-checkbox\" data-field-id=\"25\"><label class=\"wpforms-field-label\" for=\"wpforms-475-field_25\">Liste de diffusion des activit\u00e9s locales<\/label><ul id=\"wpforms-475-field_25\"><li class=\"choice-1 depth-1\"><input type=\"checkbox\" id=\"wpforms-475-field_25_1\" name=\"wpforms[fields][25][]\" value=\"Je souhaite recevoir par courriel des informations d&#039;int\u00e9r\u00eat g\u00e9n\u00e9ral du club ou de la mairie (\u00e0 l&#039;exclusion de toute sollicitation commerciale)\"  ><label class=\"wpforms-field-label-inline\" for=\"wpforms-475-field_25_1\">I want to receive by email information of general interest from the club or from the city (at the exclusion of any commercial sollicitation). Most emails are in french only though.<\/label><\/li><\/ul><\/div><div id=\"wpforms-475-field_23-container\" class=\"wpforms-field wpforms-field-gdpr-checkbox\" data-field-id=\"23\"><label class=\"wpforms-field-label\" for=\"wpforms-475-field_23\">GDPR agreement <span class=\"wpforms-required-label\">*<\/span><\/label><ul id=\"wpforms-475-field_23\" class=\"wpforms-field-required\"><li class=\"choice-1\"><input type=\"checkbox\" id=\"wpforms-475-field_23_1\" name=\"wpforms[fields][23][]\" value=\"Je consens \u00e0 ce que ce site stocke mes informations envoy\u00e9es afin qu\u2019ils puissent r\u00e9pondre \u00e0 ma requ\u00eate.\" required><label class=\"wpforms-field-label-inline\" for=\"wpforms-475-field_23_1\">I consent to this site storing my submitted information so that they may respond to my request.<\/label><\/li><\/ul><\/div><\/div><!-- .wpforms-field-container --><div class=\"wpforms-submit-container\" ><input type=\"hidden\" name=\"wpforms[id]\" value=\"475\"><input type=\"hidden\" name=\"wpforms[author]\" value=\"1\"><button type=\"submit\" name=\"wpforms[submit]\" id=\"wpforms-submit-475\" class=\"wpforms-submit\" data-alt-text=\"Envoi...\" data-submit-text=\"Envoyer\" aria-live=\"assertive\" value=\"wpforms-submit\">Submit registration<\/button><\/div><input type=\"hidden\" name=\"trp-form-language\" value=\"en\"\/><\/form><\/div>  <!-- .wpforms-container -->","protected":false},"excerpt":{"rendered":"<p>Conditions d&rsquo;inscription Toutes les informations pour la rentr\u00e9e 2025 sont dans la fiche ci-dessous ou le dossier d&rsquo;inscription. N&rsquo;h\u00e9sitez pas \u00e0 vous pr\u00e9-inscrire avec les documents ci-dessous ou le formulaire &#8230;<\/p>","protected":false},"author":1,"featured_media":0,"parent":0,"menu_order":0,"comment_status":"closed","ping_status":"closed","template":"","meta":{"footnotes":""},"_links":{"self":[{"href":"https:\/\/www.aep-escrime.fr\/en\/wp-json\/wp\/v2\/pages\/190"}],"collection":[{"href":"https:\/\/www.aep-escrime.fr\/en\/wp-json\/wp\/v2\/pages"}],"about":[{"href":"https:\/\/www.aep-escrime.fr\/en\/wp-json\/wp\/v2\/types\/page"}],"author":[{"embeddable":true,"href":"https:\/\/www.aep-escrime.fr\/en\/wp-json\/wp\/v2\/users\/1"}],"replies":[{"embeddable":true,"href":"https:\/\/www.aep-escrime.fr\/en\/wp-json\/wp\/v2\/comments?post=190"}],"version-history":[{"count":0,"href":"https:\/\/www.aep-escrime.fr\/en\/wp-json\/wp\/v2\/pages\/190\/revisions"}],"wp:attachment":[{"href":"https:\/\/www.aep-escrime.fr\/en\/wp-json\/wp\/v2\/media?parent=190"}],"curies":[{"name":"wp","href":"https:\/\/api.w.org\/{rel}","templated":true}]}}